{"id":3934,"date":"2025-09-08T18:48:49","date_gmt":"2025-09-08T18:48:49","guid":{"rendered":"https:\/\/kodeico.com\/product\/tribal-code\/"},"modified":"2025-10-01T21:39:14","modified_gmt":"2025-10-01T21:39:14","slug":"tribal-code","status":"publish","type":"product","link":"https:\/\/kodeico.com\/es\/producto\/tribal-code\/","title":{"rendered":"Tribal Code"},"content":{"rendered":"<p>Un llamativo tatuaje tribal en la espalda que llamar\u00e1 la atenci\u00f3n de quien lo vea. Lleva con tu c\u00f3digo al destino digital que prefieras, a Instagram, YouTube, Tiktok, a tu web&#8230; y cambia el link las veces que quieras de forma sencilla.<\/p>\n<ul>\n<li>Tela de alta calidad y con impresi\u00f3n duradera<\/li>\n<li>Cuello de doble aguja sin costura<\/li>\n<li>100% algod\u00f3n<\/li>\n<\/ul>\n<p><strong>Gu\u00eda de tallas<\/strong><\/p>\n<table>\n<tr>\n<td>\u00a0<\/td>\n<td><strong>S<\/strong><\/td>\n<td><strong>M<\/strong><\/td>\n<td><strong>L<\/strong><\/td>\n<td><strong>XL<\/strong><\/td>\n<td><strong>2XL<\/strong><\/td>\n<td><strong>3XL<\/strong><\/td>\n<td><strong>4XL<\/strong><\/td>\n<td><strong>5XL<\/strong><\/td>\n<\/tr>\n<tr>\n<td><strong>A) Longitud (cm)<\/strong><\/td>\n<td>71.1<\/td>\n<td>73.7<\/td>\n<td>76.2<\/td>\n<td>78.7<\/td>\n<td>81.3<\/td>\n<td>83.8<\/td>\n<td>86<\/td>\n<td>89<\/td>\n<\/tr>\n<tr>\n<td><strong>B) Anchura (cm)<\/strong><\/td>\n<td>91.4<\/td>\n<td>101.6<\/td>\n<td>111.8<\/td>\n<td>122<\/td>\n<td>132<\/td>\n<td>142.2<\/td>\n<td>152<\/td>\n<td>162<\/td>\n<\/tr>\n<tr>\n<td><strong>B) Medio pecho (cm)<\/strong><\/td>\n<td>45.7<\/td>\n<td>50.8<\/td>\n<td>55.9<\/td>\n<td>61<\/td>\n<td>66<\/td>\n<td>71.1<\/td>\n<td>76<\/td>\n<td>81<\/td>\n<\/tr>\n<\/table>\n<table>\n<tr>\n<td>\u00a0<\/td>\n<td><strong>S<\/strong><\/td>\n<td><strong>M<\/strong><\/td>\n<td><strong>L<\/strong><\/td>\n<td><strong>XL<\/strong><\/td>\n<td><strong>2XL<\/strong><\/td>\n<td><strong>3XL<\/strong><\/td>\n<td><strong>4XL<\/strong><\/td>\n<td><strong>5XL<\/strong><\/td>\n<\/tr>\n<tr>\n<td><strong>A) Longitud (pulgadas)<\/strong><\/td>\n<td>28<\/td>\n<td>29<\/td>\n<td>30<\/td>\n<td>31<\/td>\n<td>32<\/td>\n<td>33<\/td>\n<td>33.9<\/td>\n<td>35<\/td>\n<\/tr>\n<tr>\n<td><strong>B) Anchura (pulgadas)<\/strong><\/td>\n<td>36<\/td>\n<td>40<\/td>\n<td>44<\/td>\n<td>48<\/td>\n<td>52<\/td>\n<td>56<\/td>\n<td>59.8<\/td>\n<td>63.8<\/td>\n<\/tr>\n<tr>\n<td><strong>B) Medio pecho (pulgadas)<\/strong><\/td>\n<td>18<\/td>\n<td>20<\/td>\n<td>22<\/td>\n<td>24<\/td>\n<td>26<\/td>\n<td>28<\/td>\n<td>29.9<\/td>\n<td>31.9<\/td>\n<\/tr>\n<\/table>\n<p><strong>Instrucciones de cuidado<\/strong><\/p>\n<table>\n<tr>\n<td>General<\/td>\n<td>La camiseta combina comodidad, estilo y durabilidad, lo que la convierte en la mejor opci\u00f3n tanto para el uso diario como para proyectos de artesan\u00eda.<\/td>\n<\/tr>\n<tr>\n<td>Lavado<\/td>\n<td>Para mantener el aspecto y el tacto de la camiseta, lavar en agua fr\u00eda con colores similares.<\/td>\n<\/tr>\n<tr>\n<td>Secado<\/td>\n<td>Secar en secadora a baja temperatura o colgar al aire para preservar la integridad del tejido y la calidad de la impresi\u00f3n.<\/td>\n<\/tr>\n<tr>\n<td>Guardado<\/td>\n<td>Ideal para tiendas minoristas y en l\u00ednea que buscan una camiseta personalizable de alta calidad que apoye las pr\u00e1cticas \u00e9ticas de fabricaci\u00f3n.<\/td>\n<\/tr>\n<\/table>","protected":false},"excerpt":{"rendered":"<p><strong>A striking tribal tattoo on the back that will catch the eye of anyone who sees it.<\/strong><\/p>","protected":false},"featured_media":4582,"comment_status":"open","ping_status":"closed","template":"","meta":{"_uag_custom_page_level_css":"","site-sidebar-layout":"default","site-content-layout":"","ast-site-content-layout":"default","site-content-style":"default","site-sidebar-style":"default","ast-global-header-display":"","ast-banner-title-visibility":"","ast-main-header-display":"","ast-hfb-above-header-display":"","ast-hfb-below-header-display":"","ast-hfb-mobile-header-display":"","site-post-title":"","ast-breadcrumbs-content":"","ast-featured-img":"","footer-sml-layout":"","ast-disable-related-posts":"","theme-transparent-header-meta":"default","adv-header-id-meta":"","stick-header-meta":"","header-above-stick-meta":"","header-main-stick-meta":"","header-below-stick-meta":"","astra-migrate-meta-layouts":"set","ast-page-background-enabled":"default","ast-page-background-meta":{"desktop":{"background-color":"","background-image":"","background-repeat":"repeat","background-position":"center center","background-size":"auto","background-attachment":"scroll","background-type":"","background-media":"","overlay-type":"","overlay-color":"","overlay-opacity":"","overlay-gradient":""},"tablet":{"background-color":"","background-image":"","background-repeat":"repeat","background-position":"center center","background-size":"auto","background-attachment":"scroll","background-type":"","background-media":"","overlay-type":"","overlay-color":"","overlay-opacity":"","overlay-gradient":""},"mobile":{"background-color":"","background-image":"","background-repeat":"repeat","background-position":"center center","background-size":"auto","background-attachment":"scroll","background-type":"","background-media":"","overlay-type":"","overlay-color":"","overlay-opacity":"","overlay-gradient":""}},"ast-content-background-meta":{"desktop":{"background-color":"var(--ast-global-color-5)","background-image":"","background-repeat":"repeat","background-position":"center center","background-size":"auto","background-attachment":"scroll","background-type":"","background-media":"","overlay-type":"","overlay-color":"","overlay-opacity":"","overlay-gradient":""},"tablet":{"background-color":"var(--ast-global-color-5)","background-image":"","background-repeat":"repeat","background-position":"center center","background-size":"auto","background-attachment":"scroll","background-type":"","background-media":"","overlay-type":"","overlay-color":"","overlay-opacity":"","overlay-gradient":""},"mobile":{"background-color":"var(--ast-global-color-5)","background-image":"","background-repeat":"repeat","background-position":"center center","background-size":"auto","background-attachment":"scroll","background-type":"","background-media":"","overlay-type":"","overlay-color":"","overlay-opacity":"","overlay-gradient":""}}},"product_brand":[],"product_cat":[17],"product_tag":[23,29,24,31],"class_list":{"0":"post-3934","1":"product","2":"type-product","3":"status-publish","4":"has-post-thumbnail","6":"product_cat-tshirts","7":"product_tag-code","8":"product_tag-kodeico","9":"product_tag-qr","10":"product_tag-tribal","11":"desktop-align-center","12":"tablet-align-center","13":"mobile-align-center","15":"first","16":"instock","17":"featured","18":"shipping-taxable","19":"purchasable","20":"product-type-variable"},"aioseo_notices":[],"uagb_featured_image_src":{"full":["https:\/\/kodeico.com\/wp-content\/uploads\/2025\/10\/99469eab-cd63-414e-abb6-fcb7e0c3578b.jpg",2048,2048,false],"thumbnail":["https:\/\/kodeico.com\/wp-content\/uploads\/2025\/10\/99469eab-cd63-414e-abb6-fcb7e0c3578b-150x150.jpg",150,150,true],"medium":["https:\/\/kodeico.com\/wp-content\/uploads\/2025\/10\/99469eab-cd63-414e-abb6-fcb7e0c3578b-300x300.jpg",300,300,true],"medium_large":["https:\/\/kodeico.com\/wp-content\/uploads\/2025\/10\/99469eab-cd63-414e-abb6-fcb7e0c3578b-768x768.jpg",768,768,true],"large":["https:\/\/kodeico.com\/wp-content\/uploads\/2025\/10\/99469eab-cd63-414e-abb6-fcb7e0c3578b-1024x1024.jpg",1024,1024,true],"1536x1536":["https:\/\/kodeico.com\/wp-content\/uploads\/2025\/10\/99469eab-cd63-414e-abb6-fcb7e0c3578b-1536x1536.jpg",1536,1536,true],"2048x2048":["https:\/\/kodeico.com\/wp-content\/uploads\/2025\/10\/99469eab-cd63-414e-abb6-fcb7e0c3578b.jpg",2048,2048,false],"trp-custom-language-flag":["https:\/\/kodeico.com\/wp-content\/uploads\/2025\/10\/99469eab-cd63-414e-abb6-fcb7e0c3578b-12x12.jpg",12,12,true],"woocommerce_thumbnail":["https:\/\/kodeico.com\/wp-content\/uploads\/2025\/10\/99469eab-cd63-414e-abb6-fcb7e0c3578b-300x300.jpg",300,300,true],"woocommerce_single":["https:\/\/kodeico.com\/wp-content\/uploads\/2025\/10\/99469eab-cd63-414e-abb6-fcb7e0c3578b-600x600.jpg",600,600,true],"woocommerce_gallery_thumbnail":["https:\/\/kodeico.com\/wp-content\/uploads\/2025\/10\/99469eab-cd63-414e-abb6-fcb7e0c3578b-100x100.jpg",100,100,true]},"uagb_author_info":{"display_name":"Juan Lovi","author_link":"https:\/\/kodeico.com\/es\/author\/"},"uagb_comment_info":0,"uagb_excerpt":"A striking tribal tattoo on the back that will catch the eye of anyone who sees it.","_links":{"self":[{"href":"https:\/\/kodeico.com\/es\/wp-json\/wp\/v2\/product\/3934","targetHints":{"allow":["GET"]}}],"collection":[{"href":"https:\/\/kodeico.com\/es\/wp-json\/wp\/v2\/product"}],"about":[{"href":"https:\/\/kodeico.com\/es\/wp-json\/wp\/v2\/types\/product"}],"replies":[{"embeddable":true,"href":"https:\/\/kodeico.com\/es\/wp-json\/wp\/v2\/comments?post=3934"}],"wp:featuredmedia":[{"embeddable":true,"href":"https:\/\/kodeico.com\/es\/wp-json\/wp\/v2\/media\/4582"}],"wp:attachment":[{"href":"https:\/\/kodeico.com\/es\/wp-json\/wp\/v2\/media?parent=3934"}],"wp:term":[{"taxonomy":"product_brand","embeddable":true,"href":"https:\/\/kodeico.com\/es\/wp-json\/wp\/v2\/product_brand?post=3934"},{"taxonomy":"product_cat","embeddable":true,"href":"https:\/\/kodeico.com\/es\/wp-json\/wp\/v2\/product_cat?post=3934"},{"taxonomy":"product_tag","embeddable":true,"href":"https:\/\/kodeico.com\/es\/wp-json\/wp\/v2\/product_tag?post=3934"}],"curies":[{"name":"wp","href":"https:\/\/api.w.org\/{rel}","templated":true}]}}